{"id":154,"date":"2025-08-04T23:32:44","date_gmt":"2025-08-04T23:32:44","guid":{"rendered":"https:\/\/www.xpressdruck.at\/?page_id=154"},"modified":"2025-08-25T13:26:13","modified_gmt":"2025-08-25T13:26:13","slug":"druck","status":"publish","type":"page","link":"https:\/\/www.xpressdruck.at\/index.php\/druck\/","title":{"rendered":"Druck"},"content":{"rendered":"<section class=\"bde-section-154-100 bde-section\">\n  \n\t\n\n\n\n<div class=\"section-container\"><div class=\"bde-columns-154-101 bde-columns\"><div class=\"bde-column-154-102 bde-column\">\n  \n\t\n\n\n\n<h1 class=\"bde-heading-154-103 bde-heading\">\nDruck, der auff\u00e4llt \u2013 Qualit\u00e4t, die bleibt.\n<\/h1><div class=\"bde-text-154-104 bde-text\">\nVom Einzelst\u00fcck bis zur Gro\u00dfauflage \u2013 wir drucken Visitenkarten, Flyer, Einladungen, Etiketten, T-Shirts und mehr. Schnell, hochwertig und auf Wunsch auch express.\n<\/div><div class=\"bde-button-154-105 bde-button\">\n    \n                                    \n    \n    \n    \n    \n            \n                    \n            \n            \n\n    \n    \n    \n    \n    <a class=\"breakdance-link button-atom button-atom--primary bde-button__button\" href=\"https:\/\/www.xpressdruck.at\/index.php\/kontakt\/\" target=\"_self\" data-type=\"url\"  >\n\n    \n        <span class=\"button-atom__text\">Jetzt Beraten lassen<\/span>\n\n        \n        \n                <\/a>\n\n    \n\n\n<\/div>\n<\/div><div class=\"bde-column-154-106 bde-column\">\n  \n\t\n\n\n\n<div class=\"bde-image-154-107 bde-image\">\n  \n\n\n\n\n\n<figure class=\"breakdance-image breakdance-image--178\">\n\t<div class=\"breakdance-image-container\">\n\t\t<div class=\"breakdance-image-clip\">\n\t\t\t\n\t\t\t\t\n\t\t\t\t\t      \n  \n  \n  \n  \n      \n      <img loading=\"lazy\" decoding=\"async\"\n      class=\"breakdance-image-object\"\n      src=\"https:\/\/www.xpressdruck.at\/wp-content\/uploads\/2025\/08\/PHOTO-2025-07-28-18-38-52-2.jpg\"\n      width=\"1203\"\n      height=\"714\"\n      \n      \n                                    srcset=\"https:\/\/www.xpressdruck.at\/wp-content\/uploads\/2025\/08\/PHOTO-2025-07-28-18-38-52-2.jpg 1203w, https:\/\/www.xpressdruck.at\/wp-content\/uploads\/2025\/08\/PHOTO-2025-07-28-18-38-52-2-300x178.jpg 300w, https:\/\/www.xpressdruck.at\/wp-content\/uploads\/2025\/08\/PHOTO-2025-07-28-18-38-52-2-1024x608.jpg 1024w, https:\/\/www.xpressdruck.at\/wp-content\/uploads\/2025\/08\/PHOTO-2025-07-28-18-38-52-2-768x456.jpg 768w\"\n                                                                      >\n  \n\n\t\t\t\t\t\n\t\t\t\t\t\t<\/div>\n\t<\/div>\n\n\t<\/figure>\n\n<\/div>\n<\/div><\/div><\/div>\n<\/section><section class=\"bde-section-154-108 bde-section\">\n  \n\t\n\n\n\n<div class=\"section-container\"><h2 class=\"bde-heading-154-109 bde-heading\">\nHochwertiger Druck in Eisenstadt \u2013 f\u00fcr Unternehmen & Privatpersonen\n<\/h2><div class=\"bde-text-154-110 bde-text\">\nOb f\u00fcr den Messestand, das B\u00fcro oder Ihre Hochzeit: Bei XpressDruck erhalten Sie professionelle Druckprodukte in Top-Qualit\u00e4t. Wir beraten Sie pers\u00f6nlich, w\u00e4hlen gemeinsam mit Ihnen das passende Papier und Format \u2013 und drucken exakt nach Wunsch. Dank eigener Produktion bieten wir auch kurzfristige Expressl\u00f6sungen. Und das Beste: Sie bekommen alles direkt bei uns vor Ort.\n<\/div><\/div>\n<\/section><section class=\"bde-section-154-111 bde-section\">\n  \n\t\n\n\n\n<div class=\"section-container\"><div class=\"bde-columns-154-112 bde-columns\"><div class=\"bde-column-154-113 bde-column\">\n  \n\t\n\n\n\n<div class=\"bde-div-154-114 bde-div\">\n  \n\t\n\n\n\n<div class=\"bde-grid-154-115 bde-grid\">\n  \n\t\n\n\n\n<div class=\"bde-div-154-116 bde-div\">\n  \n\t\n\n\n\n<div class=\"bde-icon-154-117 bde-icon\">\n\n    \n            <div class=\"bde-icon-icon breakdance-icon-atom\" >\n    \n                    <svg xmlns=\"http:\/\/www.w3.org\/2000\/svg\" width=\"57\" height=\"58\" viewBox=\"0 0 57 58\" fill=\"none\">\r\n<path d=\"M11.8001 53.2001H6.6001L20.4001 29.1001L14.9001 19.5001H20.2001L25.7001 29.1001L11.8001 53.2001Z\" fill=\"#093428\"\/>\r\n<path d=\"M33.8 34.0001H39L36.3 29.1001L44.6 14.7001H39.3L31 29.1001L33.8 34.0001Z\" fill=\"#093428\"\/>\r\n<path d=\"M31.0001 20.0001L28.3001 24.6001L17.1001 5.1001H22.4001L31.0001 20.0001Z\" fill=\"#093428\"\/>\r\n<path d=\"M31.0001 38.3001L28.3001 33.7001L25.4001 38.8001H30.7001L31.0001 38.3001Z\" fill=\"#093428\"\/>\r\n<\/svg>\n        \n        \n        \n            <\/div>\n    \n\n\n<\/div><div class=\"bde-text-154-118 bde-text\">\nVisitenkarten, Flyer<br>& Folder\n<\/div><div class=\"bde-text-154-119 bde-text\">\nDie Klassiker \u2013 sauber gedruckt, hochwertig verarbeitet.\n<\/div>\n<\/div><div class=\"bde-div-154-120 bde-div\">\n  \n\t\n\n\n\n<div class=\"bde-icon-154-121 bde-icon\">\n\n    \n            <div class=\"bde-icon-icon breakdance-icon-atom\" >\n    \n                    <svg xmlns=\"http:\/\/www.w3.org\/2000\/svg\" width=\"57\" height=\"58\" viewBox=\"0 0 57 58\" fill=\"none\">\r\n<path d=\"M11.8001 53.2001H6.6001L20.4001 29.1001L14.9001 19.5001H20.2001L25.7001 29.1001L11.8001 53.2001Z\" fill=\"#093428\"\/>\r\n<path d=\"M33.8 34.0001H39L36.3 29.1001L44.6 14.7001H39.3L31 29.1001L33.8 34.0001Z\" fill=\"#093428\"\/>\r\n<path d=\"M31.0001 20.0001L28.3001 24.6001L17.1001 5.1001H22.4001L31.0001 20.0001Z\" fill=\"#093428\"\/>\r\n<path d=\"M31.0001 38.3001L28.3001 33.7001L25.4001 38.8001H30.7001L31.0001 38.3001Z\" fill=\"#093428\"\/>\r\n<\/svg>\n        \n        \n        \n            <\/div>\n    \n\n\n<\/div><div class=\"bde-text-154-122 bde-text\">\nEinladungen<br>& Gru\u00dfkarten\n<\/div><div class=\"bde-text-154-123 bde-text\">\nF\u00fcr Hochzeiten, Feiern oder Firmenevents.\n<\/div>\n<\/div><div class=\"bde-div-154-124 bde-div\">\n  \n\t\n\n\n\n<div class=\"bde-icon-154-125 bde-icon\">\n\n    \n            <div class=\"bde-icon-icon breakdance-icon-atom\" >\n    \n                    <svg xmlns=\"http:\/\/www.w3.org\/2000\/svg\" width=\"57\" height=\"58\" viewBox=\"0 0 57 58\" fill=\"none\">\r\n<path d=\"M11.8001 53.2001H6.6001L20.4001 29.1001L14.9001 19.5001H20.2001L25.7001 29.1001L11.8001 53.2001Z\" fill=\"#093428\"\/>\r\n<path d=\"M33.8 34.0001H39L36.3 29.1001L44.6 14.7001H39.3L31 29.1001L33.8 34.0001Z\" fill=\"#093428\"\/>\r\n<path d=\"M31.0001 20.0001L28.3001 24.6001L17.1001 5.1001H22.4001L31.0001 20.0001Z\" fill=\"#093428\"\/>\r\n<path d=\"M31.0001 38.3001L28.3001 33.7001L25.4001 38.8001H30.7001L31.0001 38.3001Z\" fill=\"#093428\"\/>\r\n<\/svg>\n        \n        \n        \n            <\/div>\n    \n\n\n<\/div><div class=\"bde-text-154-126 bde-text\">\nEtiketten<br>& Aufkleber\n<\/div><div class=\"bde-text-154-127 bde-text\">\nIndividuelle Formate, wetterfest & selbstklebend.\n<\/div>\n<\/div><div class=\"bde-div-154-128 bde-div\">\n  \n\t\n\n\n\n<div class=\"bde-icon-154-129 bde-icon\">\n\n    \n            <div class=\"bde-icon-icon breakdance-icon-atom\" >\n    \n                    <svg xmlns=\"http:\/\/www.w3.org\/2000\/svg\" width=\"57\" height=\"58\" viewBox=\"0 0 57 58\" fill=\"none\">\r\n<path d=\"M11.8001 53.2001H6.6001L20.4001 29.1001L14.9001 19.5001H20.2001L25.7001 29.1001L11.8001 53.2001Z\" fill=\"#093428\"\/>\r\n<path d=\"M33.8 34.0001H39L36.3 29.1001L44.6 14.7001H39.3L31 29.1001L33.8 34.0001Z\" fill=\"#093428\"\/>\r\n<path d=\"M31.0001 20.0001L28.3001 24.6001L17.1001 5.1001H22.4001L31.0001 20.0001Z\" fill=\"#093428\"\/>\r\n<path d=\"M31.0001 38.3001L28.3001 33.7001L25.4001 38.8001H30.7001L31.0001 38.3001Z\" fill=\"#093428\"\/>\r\n<\/svg>\n        \n        \n        \n            <\/div>\n    \n\n\n<\/div><div class=\"bde-text-154-130 bde-text\">\nDiplom-<br>& Abschlussarbeiten\n<\/div><div class=\"bde-text-154-131 bde-text\">\nHochwertig gedruckt und gebunden \u2013 bereit zur Abgabe.\n<\/div>\n<\/div>\n<\/div><div class=\"bde-button-154-132 bde-button\">\n    \n                                    \n    \n    \n    \n    \n            \n                    \n            \n            \n\n    \n    \n    \n    \n    <a class=\"breakdance-link button-atom button-atom--primary bde-button__button\" href=\"https:\/\/www.xpressdruck.at\/index.php\/kontakt\/\" target=\"_self\" data-type=\"url\"  >\n\n    \n        <span class=\"button-atom__text\">Jetzt Beraten lassen<\/span>\n\n        \n        \n                <\/a>\n\n    \n\n\n<\/div>\n<\/div>\n<\/div><div class=\"bde-column-154-133 bde-column\">\n  \n\t\n\n\n\n<div class=\"bde-image-154-134 bde-image\">\n  \n\n\n\n\n\n<figure class=\"breakdance-image breakdance-image--173\">\n\t<div class=\"breakdance-image-container\">\n\t\t<div class=\"breakdance-image-clip\">\n\t\t\t\n\t\t\t\t\n\t\t\t\t\t      \n  \n  \n  \n  \n      \n      <img loading=\"lazy\" decoding=\"async\"\n      class=\"breakdance-image-object\"\n      src=\"https:\/\/www.xpressdruck.at\/wp-content\/uploads\/2025\/08\/PHOTO-2025-07-28-18-38-53-5-scaled.jpg\"\n      width=\"2560\"\n      height=\"2239\"\n      \n      \n                                    srcset=\"https:\/\/www.xpressdruck.at\/wp-content\/uploads\/2025\/08\/PHOTO-2025-07-28-18-38-53-5-scaled.jpg 2560w, https:\/\/www.xpressdruck.at\/wp-content\/uploads\/2025\/08\/PHOTO-2025-07-28-18-38-53-5-300x262.jpg 300w, https:\/\/www.xpressdruck.at\/wp-content\/uploads\/2025\/08\/PHOTO-2025-07-28-18-38-53-5-1024x896.jpg 1024w, https:\/\/www.xpressdruck.at\/wp-content\/uploads\/2025\/08\/PHOTO-2025-07-28-18-38-53-5-768x672.jpg 768w, https:\/\/www.xpressdruck.at\/wp-content\/uploads\/2025\/08\/PHOTO-2025-07-28-18-38-53-5-1536x1344.jpg 1536w, https:\/\/www.xpressdruck.at\/wp-content\/uploads\/2025\/08\/PHOTO-2025-07-28-18-38-53-5-2048x1791.jpg 2048w\"\n                                                                      >\n  \n\n\t\t\t\t\t\n\t\t\t\t\t\t<\/div>\n\t<\/div>\n\n\t<\/figure>\n\n<\/div>\n<\/div><\/div><\/div>\n<\/section><section class=\"bde-section-154-135 bde-section\">\n  \n\t\n\n\n\n<div class=\"section-container\"><div class=\"bde-grid-154-136 bde-grid\">\n  \n\t\n\n\n\n<div class=\"bde-div-154-137 bde-div\">\n  \n\t\n\n\n\n<div class=\"bde-icon-154-138 bde-icon\">\n\n    \n            <div class=\"bde-icon-icon breakdance-icon-atom\" >\n    \n                    <svg xmlns=\"http:\/\/www.w3.org\/2000\/svg\" width=\"57\" height=\"58\" viewBox=\"0 0 57 58\" fill=\"none\">\r\n<path d=\"M11.8001 53.2001H6.6001L20.4001 29.1001L14.9001 19.5001H20.2001L25.7001 29.1001L11.8001 53.2001Z\" fill=\"#093428\"\/>\r\n<path d=\"M33.8 34.0001H39L36.3 29.1001L44.6 14.7001H39.3L31 29.1001L33.8 34.0001Z\" fill=\"#093428\"\/>\r\n<path d=\"M31.0001 20.0001L28.3001 24.6001L17.1001 5.1001H22.4001L31.0001 20.0001Z\" fill=\"#093428\"\/>\r\n<path d=\"M31.0001 38.3001L28.3001 33.7001L25.4001 38.8001H30.7001L31.0001 38.3001Z\" fill=\"#093428\"\/>\r\n<\/svg>\n        \n        \n        \n            <\/div>\n    \n\n\n<\/div><div class=\"bde-text-154-139 bde-text\">\nXpress-Druck m\u00f6glich\n<\/div><div class=\"bde-text-154-140 bde-text\">\nAuf Wunsch auch innerhalb von 24 Stunden.\n<\/div>\n<\/div><div class=\"bde-div-154-141 bde-div\">\n  \n\t\n\n\n\n<div class=\"bde-icon-154-142 bde-icon\">\n\n    \n            <div class=\"bde-icon-icon breakdance-icon-atom\" >\n    \n                    <svg xmlns=\"http:\/\/www.w3.org\/2000\/svg\" width=\"57\" height=\"58\" viewBox=\"0 0 57 58\" fill=\"none\">\r\n<path d=\"M11.8001 53.2001H6.6001L20.4001 29.1001L14.9001 19.5001H20.2001L25.7001 29.1001L11.8001 53.2001Z\" fill=\"#093428\"\/>\r\n<path d=\"M33.8 34.0001H39L36.3 29.1001L44.6 14.7001H39.3L31 29.1001L33.8 34.0001Z\" fill=\"#093428\"\/>\r\n<path d=\"M31.0001 20.0001L28.3001 24.6001L17.1001 5.1001H22.4001L31.0001 20.0001Z\" fill=\"#093428\"\/>\r\n<path d=\"M31.0001 38.3001L28.3001 33.7001L25.4001 38.8001H30.7001L31.0001 38.3001Z\" fill=\"#093428\"\/>\r\n<\/svg>\n        \n        \n        \n            <\/div>\n    \n\n\n<\/div><div class=\"bde-text-154-143 bde-text\">\nTop Qualit\u00e4t\n<\/div><div class=\"bde-text-154-144 bde-text\">\nScharfe Farben, perfekte R\u00e4nder, hochwertige Haptik.\n<\/div>\n<\/div><div class=\"bde-div-154-145 bde-div\">\n  \n\t\n\n\n\n<div class=\"bde-icon-154-146 bde-icon\">\n\n    \n            <div class=\"bde-icon-icon breakdance-icon-atom\" >\n    \n                    <svg xmlns=\"http:\/\/www.w3.org\/2000\/svg\" width=\"57\" height=\"58\" viewBox=\"0 0 57 58\" fill=\"none\">\r\n<path d=\"M11.8001 53.2001H6.6001L20.4001 29.1001L14.9001 19.5001H20.2001L25.7001 29.1001L11.8001 53.2001Z\" fill=\"#093428\"\/>\r\n<path d=\"M33.8 34.0001H39L36.3 29.1001L44.6 14.7001H39.3L31 29.1001L33.8 34.0001Z\" fill=\"#093428\"\/>\r\n<path d=\"M31.0001 20.0001L28.3001 24.6001L17.1001 5.1001H22.4001L31.0001 20.0001Z\" fill=\"#093428\"\/>\r\n<path d=\"M31.0001 38.3001L28.3001 33.7001L25.4001 38.8001H30.7001L31.0001 38.3001Z\" fill=\"#093428\"\/>\r\n<\/svg>\n        \n        \n        \n            <\/div>\n    \n\n\n<\/div><div class=\"bde-text-154-147 bde-text\">\nPers\u00f6nliche Beratung\n<\/div><div class=\"bde-text-154-148 bde-text\">\nDirekt vor Ort in Eisenstadt \u2013 ohne Warteschleifen.\n<\/div>\n<\/div><div class=\"bde-div-154-149 bde-div\">\n  \n\t\n\n\n\n<div class=\"bde-icon-154-150 bde-icon\">\n\n    \n            <div class=\"bde-icon-icon breakdance-icon-atom\" >\n    \n                    <svg xmlns=\"http:\/\/www.w3.org\/2000\/svg\" width=\"57\" height=\"58\" viewBox=\"0 0 57 58\" fill=\"none\">\r\n<path d=\"M11.8001 53.2001H6.6001L20.4001 29.1001L14.9001 19.5001H20.2001L25.7001 29.1001L11.8001 53.2001Z\" fill=\"#093428\"\/>\r\n<path d=\"M33.8 34.0001H39L36.3 29.1001L44.6 14.7001H39.3L31 29.1001L33.8 34.0001Z\" fill=\"#093428\"\/>\r\n<path d=\"M31.0001 20.0001L28.3001 24.6001L17.1001 5.1001H22.4001L31.0001 20.0001Z\" fill=\"#093428\"\/>\r\n<path d=\"M31.0001 38.3001L28.3001 33.7001L25.4001 38.8001H30.7001L31.0001 38.3001Z\" fill=\"#093428\"\/>\r\n<\/svg>\n        \n        \n        \n            <\/div>\n    \n\n\n<\/div><div class=\"bde-text-154-151 bde-text\">\nGro\u00dfe Auswahl\n<\/div><div class=\"bde-text-154-152 bde-text\">\nAlles vom Visitenkarte bis zum Buch \u2013 in bester Qualit\u00e4t.\n<\/div>\n<\/div>\n<\/div><\/div>\n<\/section><section class=\"bde-section-154-153 bde-section\">\n  \n\t\n\n\n\n<div class=\"section-container\"><div class=\"bde-gallery-154-154 bde-gallery\">\n\n\n\n\n\n\n\n\n\n\n\n\n\n<div class=\"ee-gallery ee-gallery--isotope ee-gallery--masonry ee-gallery--single ee-gallery--none ee-gallery-- ee-gallery--caption- ee-gallery--caption-none ee-gallery--ratio\">\n                  \n      <div class=\"ee-gallery-item ee-gallery-item--image ee-gallery-item--single\" href=\"https:\/\/www.xpressdruck.at\/wp-content\/uploads\/2025\/08\/PHOTO-2025-07-28-18-38-52-2.jpg\"  data-sub-html=\"\" data-category=\"1\"                  data-lg-size=\"1203-714\"\n\n      >\n        <figure class=\"ee-gallery-item-figure\">\n                                    \n  \n  \n  \n  \n      \n      <img loading=\"lazy\" decoding=\"async\"\n      class=\"breakdance-image-object\"\n      src=\"https:\/\/www.xpressdruck.at\/wp-content\/uploads\/2025\/08\/PHOTO-2025-07-28-18-38-52-2-1024x608.jpg\"\n      width=\"1024\"\n      height=\"608\"\n      \n      \n                                    srcset=\"https:\/\/www.xpressdruck.at\/wp-content\/uploads\/2025\/08\/PHOTO-2025-07-28-18-38-52-2.jpg 1203w, https:\/\/www.xpressdruck.at\/wp-content\/uploads\/2025\/08\/PHOTO-2025-07-28-18-38-52-2-300x178.jpg 300w, https:\/\/www.xpressdruck.at\/wp-content\/uploads\/2025\/08\/PHOTO-2025-07-28-18-38-52-2-1024x608.jpg 1024w, https:\/\/www.xpressdruck.at\/wp-content\/uploads\/2025\/08\/PHOTO-2025-07-28-18-38-52-2-768x456.jpg 768w\"\n                                                                      >\n  \n  \n          \n                  <\/figure>\n      <\/div>\n\n                \n      <div class=\"ee-gallery-item ee-gallery-item--image ee-gallery-item--single\" href=\"https:\/\/www.xpressdruck.at\/wp-content\/uploads\/2025\/08\/PHOTO-2025-07-28-18-38-53-5-scaled.jpg\"  data-sub-html=\"\" data-category=\"1\"                  data-lg-size=\"2560-2239\"\n\n      >\n        <figure class=\"ee-gallery-item-figure\">\n                                    \n  \n  \n  \n  \n      \n      <img loading=\"lazy\" decoding=\"async\"\n      class=\"breakdance-image-object\"\n      src=\"https:\/\/www.xpressdruck.at\/wp-content\/uploads\/2025\/08\/PHOTO-2025-07-28-18-38-53-5-1024x896.jpg\"\n      width=\"1024\"\n      height=\"896\"\n      \n      \n                                    srcset=\"https:\/\/www.xpressdruck.at\/wp-content\/uploads\/2025\/08\/PHOTO-2025-07-28-18-38-53-5-scaled.jpg 2560w, https:\/\/www.xpressdruck.at\/wp-content\/uploads\/2025\/08\/PHOTO-2025-07-28-18-38-53-5-300x262.jpg 300w, https:\/\/www.xpressdruck.at\/wp-content\/uploads\/2025\/08\/PHOTO-2025-07-28-18-38-53-5-1024x896.jpg 1024w, https:\/\/www.xpressdruck.at\/wp-content\/uploads\/2025\/08\/PHOTO-2025-07-28-18-38-53-5-768x672.jpg 768w, https:\/\/www.xpressdruck.at\/wp-content\/uploads\/2025\/08\/PHOTO-2025-07-28-18-38-53-5-1536x1344.jpg 1536w, https:\/\/www.xpressdruck.at\/wp-content\/uploads\/2025\/08\/PHOTO-2025-07-28-18-38-53-5-2048x1791.jpg 2048w\"\n                                                                      >\n  \n  \n          \n                  <\/figure>\n      <\/div>\n\n        \n      <div class=\"ee-gallery-gutter\"><\/div>\n  <\/div>\n\n\n\n<\/div><\/div>\n<\/section><div class=\"bde-globalblock-154-155 bde-globalblock\">\n<section class=\"bde-section-108-100 bde-section\">\n  \n\t\n\n\n\n<div class=\"section-container\"><div class=\"bde-div-108-101 bde-div\">\n  \n\t\n\n\n\n<div class=\"bde-div-108-102 bde-div\">\n  \n\t\n\n\n\n<div class=\"bde-image-108-103 bde-image\">\n  \n\n\n\n\n\n<figure class=\"breakdance-image breakdance-image--73\">\n\t<div class=\"breakdance-image-container\">\n\t\t<div class=\"breakdance-image-clip\">\n\t\t\t\n\t\t\t\t\n\t\t\t\t\t      \n  \n  \n  \n  \n      \n      <img loading=\"lazy\" decoding=\"async\"\n      class=\"breakdance-image-object\"\n      src=\"https:\/\/www.xpressdruck.at\/wp-content\/uploads\/2025\/07\/fox_2.png\"\n      width=\"1410\"\n      height=\"2048\"\n      \n      \n                                    srcset=\"https:\/\/www.xpressdruck.at\/wp-content\/uploads\/2025\/07\/fox_2.png 1410w, https:\/\/www.xpressdruck.at\/wp-content\/uploads\/2025\/07\/fox_2-207x300.png 207w, https:\/\/www.xpressdruck.at\/wp-content\/uploads\/2025\/07\/fox_2-705x1024.png 705w, https:\/\/www.xpressdruck.at\/wp-content\/uploads\/2025\/07\/fox_2-768x1116.png 768w, https:\/\/www.xpressdruck.at\/wp-content\/uploads\/2025\/07\/fox_2-1058x1536.png 1058w\"\n                                                                      >\n  \n\n\t\t\t\t\t\n\t\t\t\t\t\t<\/div>\n\t<\/div>\n\n\t<\/figure>\n\n<\/div>\n<\/div><div class=\"bde-div-108-105 bde-div\">\n  \n\t\n\n\n\n<h2 class=\"bde-heading-108-106 bde-heading\">\nSchnell. Pers\u00f6nlich. Vor Ort.\n<\/h2><div class=\"bde-text-108-107 bde-text\">\nSie wissen noch nicht genau, was Sie brauchen? Kein Problem! Kommen Sie vorbei \u2013 wir beraten Sie gerne direkt im Gesch\u00e4ft. Und wenn's schnell gehen muss, bieten wir auch einen Express-Druckservice an.\n<\/div><div class=\"bde-button-108-108 bde-button\">\n    \n                                    \n    \n    \n    \n    \n            \n                    \n            \n            \n\n    \n    \n    \n    \n    <a class=\"breakdance-link button-atom button-atom--primary bde-button__button\" href=\"https:\/\/www.xpressdruck.at\/index.php\/kontakt\/\" target=\"_self\" data-type=\"url\"  >\n\n    \n        <span class=\"button-atom__text\">Jetzt Angebot anfordern<\/span>\n\n        \n        \n                <\/a>\n\n    \n\n\n<\/div><div class=\"bde-div-108-109 bde-div\">\n  \n\t\n\n\n\n<div class=\"bde-columns-108-110 bde-columns\"><div class=\"bde-column-108-111 bde-column\">\n  \n\t\n\n\n\n<div class=\"bde-div-108-112 bde-div\">\n  \n\t\n\n\n\n<div class=\"bde-icon-108-113 bde-icon\">\n\n    \n            <div class=\"bde-icon-icon breakdance-icon-atom\" >\n    \n                    <svg xmlns=\"http:\/\/www.w3.org\/2000\/svg\" viewBox=\"0 0 512 512\"><!-- Font Awesome Free 5.15.1 by @fontawesome - https:\/\/fontawesome.com License - https:\/\/fontawesome.com\/license\/free (Icons: CC BY 4.0, Fonts: SIL OFL 1.1, Code: MIT License) --><path d=\"M448 0H64C28.7 0 0 28.7 0 64v288c0 35.3 28.7 64 64 64h96v84c0 7.1 5.8 12 12 12 2.4 0 4.9-.7 7.1-2.4L304 416h144c35.3 0 64-28.7 64-64V64c0-35.3-28.7-64-64-64zm16 352c0 8.8-7.2 16-16 16H288l-12.8 9.6L208 428v-60H64c-8.8 0-16-7.2-16-16V64c0-8.8 7.2-16 16-16h384c8.8 0 16 7.2 16 16v288z\"\/><\/svg>\n        \n        \n        \n            <\/div>\n    \n\n\n<\/div><div class=\"bde-text-108-114 bde-text\">\nE-Mail\n<\/div><a class=\"bde-text-link-108-115 bde-text-link breakdance-link\" href=\"mailto:office@xpressdruck.at?subject=&amp;body=\" target=\"_self\" data-type=\"contact\">\n  office@xpressdruck.at\n\n<\/a>\n<\/div>\n<\/div><div class=\"bde-column-108-116 bde-column\">\n  \n\t\n\n\n\n<div class=\"bde-div-108-117 bde-div\">\n  \n\t\n\n\n\n<div class=\"bde-icon-108-118 bde-icon\">\n\n    \n            <div class=\"bde-icon-icon breakdance-icon-atom\" >\n    \n                    <svg xmlns=\"http:\/\/www.w3.org\/2000\/svg\" viewBox=\"0 0 512 512\"><!-- Font Awesome Free 5.15.1 by @fontawesome - https:\/\/fontawesome.com License - https:\/\/fontawesome.com\/license\/free (Icons: CC BY 4.0, Fonts: SIL OFL 1.1, Code: MIT License) --><path d=\"M493.4 24.6l-104-24c-11.3-2.6-22.9 3.3-27.5 13.9l-48 112c-4.2 9.8-1.4 21.3 6.9 28l60.6 49.6c-36 76.7-98.9 140.5-177.2 177.2l-49.6-60.6c-6.8-8.3-18.2-11.1-28-6.9l-112 48C3.9 366.5-2 378.1.6 389.4l24 104C27.1 504.2 36.7 512 48 512c256.1 0 464-207.5 464-464 0-11.2-7.7-20.9-18.6-23.4z\"\/><\/svg>\n        \n        \n        \n            <\/div>\n    \n\n\n<\/div><div class=\"bde-text-108-119 bde-text\">\nTelefon\n<\/div><a class=\"bde-text-link-108-120 bde-text-link breakdance-link\" href=\"tel:0268298272\" target=\"_self\" data-type=\"contact\">\n  02682 98272\n\n<\/a>\n<\/div>\n<\/div><div class=\"bde-column-108-121 bde-column\">\n  \n\t\n\n\n\n<div class=\"bde-div-108-122 bde-div\">\n  \n\t\n\n\n\n<div class=\"bde-icon-108-123 bde-icon\">\n\n    \n            <div class=\"bde-icon-icon breakdance-icon-atom\" >\n    \n                    <svg xmlns=\"http:\/\/www.w3.org\/2000\/svg\" viewBox=\"0 0 288 512\"><!-- Font Awesome Free 5.15.1 by @fontawesome - https:\/\/fontawesome.com License - https:\/\/fontawesome.com\/license\/free (Icons: CC BY 4.0, Fonts: SIL OFL 1.1, Code: MIT License) --><path d=\"M112 316.94v156.69l22.02 33.02c4.75 7.12 15.22 7.12 19.97 0L176 473.63V316.94c-10.39 1.92-21.06 3.06-32 3.06s-21.61-1.14-32-3.06zM144 0C64.47 0 0 64.47 0 144s64.47 144 144 144 144-64.47 144-144S223.53 0 144 0zm0 76c-37.5 0-68 30.5-68 68 0 6.62-5.38 12-12 12s-12-5.38-12-12c0-50.73 41.28-92 92-92 6.62 0 12 5.38 12 12s-5.38 12-12 12z\"\/><\/svg>\n        \n        \n        \n            <\/div>\n    \n\n\n<\/div><div class=\"bde-text-108-124 bde-text\">\nStandort\n<\/div><a class=\"bde-text-link-108-125 bde-text-link breakdance-link\" href=\"#\" target=\"_self\">\n  Ruster Stra\u00dfe 120, 7000 Eisenstadt\n\n<\/a>\n<\/div>\n<\/div><\/div>\n<\/div>\n<\/div>\n<\/div><\/div>\n<\/section>\n<\/div>","protected":false},"excerpt":{"rendered":"<p>Druck, der auff\u00e4llt \u2013 Qualit\u00e4t, die bleibt. Vom Einzelst\u00fcck bis zur Gro\u00dfauflage \u2013 wir drucken Visitenkarten, Flyer, Einladungen, Etiketten, T-Shirts und mehr. Schnell, hochwertig und auf Wunsch auch express. Jetzt Beraten lassen Hochwertiger Druck in Eisenstadt \u2013 f\u00fcr Unternehmen &#038; Privatpersonen Ob f\u00fcr den Messestand, das B\u00fcro oder Ihre Hochzeit: Bei XpressDruck erhalten Sie professionelle [&hellip;]<\/p>\n","protected":false},"author":1,"featured_media":0,"parent":0,"menu_order":0,"comment_status":"closed","ping_status":"closed","template":"","meta":{"_breakdance_hide_in_design_set":false,"_breakdance_tags":"","footnotes":""},"class_list":["post-154","page","type-page","status-publish","hentry"],"_links":{"self":[{"href":"https:\/\/www.xpressdruck.at\/index.php\/wp-json\/wp\/v2\/pages\/154","targetHints":{"allow":["GET"]}}],"collection":[{"href":"https:\/\/www.xpressdruck.at\/index.php\/wp-json\/wp\/v2\/pages"}],"about":[{"href":"https:\/\/www.xpressdruck.at\/index.php\/wp-json\/wp\/v2\/types\/page"}],"author":[{"embeddable":true,"href":"https:\/\/www.xpressdruck.at\/index.php\/wp-json\/wp\/v2\/users\/1"}],"replies":[{"embeddable":true,"href":"https:\/\/www.xpressdruck.at\/index.php\/wp-json\/wp\/v2\/comments?post=154"}],"version-history":[{"count":9,"href":"https:\/\/www.xpressdruck.at\/index.php\/wp-json\/wp\/v2\/pages\/154\/revisions"}],"predecessor-version":[{"id":232,"href":"https:\/\/www.xpressdruck.at\/index.php\/wp-json\/wp\/v2\/pages\/154\/revisions\/232"}],"wp:attachment":[{"href":"https:\/\/www.xpressdruck.at\/index.php\/wp-json\/wp\/v2\/media?parent=154"}],"curies":[{"name":"wp","href":"https:\/\/api.w.org\/{rel}","templated":true}]}}